{"id":8,"date":"2013-03-27T23:21:01","date_gmt":"2013-03-27T23:21:01","guid":{"rendered":"http:\/\/whatauntsandunclesdobest.com\/?page_id=8"},"modified":"2015-08-21T04:50:30","modified_gmt":"2015-08-21T04:50:30","slug":"lo-mejor-de-lo-mejor","status":"publish","type":"page","link":"https:\/\/whatauntsandunclesdobest.com\/?page_id=8","title":{"rendered":"Lo mejor de lo mejor"},"content":{"rendered":"<p>A nosotros nos gusta la buena comida, la F\u00f3rmula Uno, los juguetitos electr\u00f3nicos y los viajes por el mundo, no tenemos todo eso&#8230;. jajajaaj, pero la felicidad verdadera s\u00ed la hemos encontrado en estos momentos:<\/p>\n<ul>\n<li><span style=\"line-height: 13px;\">Cuando vemos a nuestro sobrino dormir profundamente, teniendo la confianza de que est\u00e1 a salvo.<\/span><\/li>\n<li>Cuando le encontramos las cosquillas y r\u00ede sin medida.<\/li>\n<li>Cuando logramos conocer sus intereses (los toros y el futbol), y cuando lo o\u00edmos balbucear de ello toooodo el d\u00eda.<\/li>\n<li>Cuando lo vemos sentarse en la mesa y comer con su cucharita, cuando el primer d\u00eda llor\u00f3 fuertemente porque quer\u00eda comer en el suelo. (creemos que nunca hab\u00eda comido en una mesa)<\/li>\n<li>Cuando lo escuchamos decir\u00a0&#8220;al agua pato&#8221; despu\u00e9s de que el primer d\u00eda odi\u00f3 la ducha. (no estaba acostumbrado al agua)<\/li>\n<li>Cuando t\u00edo hace la oraci\u00f3n en la noche y agradece a Dios por el d\u00eda, y nuestro sobrino agrega cosas que para \u00e9l fueron importantes.<\/li>\n<\/ul>\n<p>Para nosotros, esto es lo mejor de lo mejor.<\/p>\n","protected":false},"excerpt":{"rendered":"<p>A nosotros nos gusta la buena comida, la F\u00f3rmula Uno, los juguetitos electr\u00f3nicos y los viajes por el mundo, no tenemos todo eso&#8230;. jajajaaj, pero la felicidad verdadera s\u00ed la hemos encontrado en estos momentos: Cuando vemos a nuestro sobrino dormir profundamente, teniendo la confianza de que est\u00e1 a salvo. Cuando le encontramos las cosquillas [&hellip;]<\/p>\n","protected":false},"author":2,"featured_media":0,"parent":0,"menu_order":0,"comment_status":"open","ping_status":"closed","template":"","meta":{"_et_pb_use_builder":"","_et_pb_old_content":"","_et_gb_content_width":"","footnotes":""},"_links":{"self":[{"href":"https:\/\/whatauntsandunclesdobest.com\/index.php?rest_route=\/wp\/v2\/pages\/8"}],"collection":[{"href":"https:\/\/whatauntsandunclesdobest.com\/index.php?rest_route=\/wp\/v2\/pages"}],"about":[{"href":"https:\/\/whatauntsandunclesdobest.com\/index.php?rest_route=\/wp\/v2\/types\/page"}],"author":[{"embeddable":true,"href":"https:\/\/whatauntsandunclesdobest.com\/index.php?rest_route=\/wp\/v2\/users\/2"}],"replies":[{"embeddable":true,"href":"https:\/\/whatauntsandunclesdobest.com\/index.php?rest_route=%2Fwp%2Fv2%2Fcomments&post=8"}],"version-history":[{"count":4,"href":"https:\/\/whatauntsandunclesdobest.com\/index.php?rest_route=\/wp\/v2\/pages\/8\/revisions"}],"predecessor-version":[{"id":319,"href":"https:\/\/whatauntsandunclesdobest.com\/index.php?rest_route=\/wp\/v2\/pages\/8\/revisions\/319"}],"wp:attachment":[{"href":"https:\/\/whatauntsandunclesdobest.com\/index.php?rest_route=%2Fwp%2Fv2%2Fmedia&parent=8"}],"curies":[{"name":"wp","href":"https:\/\/api.w.org\/{rel}","templated":true}]}}