{"id":7,"date":"2013-03-27T23:20:39","date_gmt":"2013-03-27T23:20:39","guid":{"rendered":"http:\/\/whatauntsandunclesdobest.com\/?page_id=7"},"modified":"2015-08-21T04:50:37","modified_gmt":"2015-08-21T04:50:37","slug":"lo-que-todos-nos-preguntan","status":"publish","type":"page","link":"https:\/\/whatauntsandunclesdobest.com\/?page_id=7","title":{"rendered":"Lo que todos nos preguntan"},"content":{"rendered":"<p><strong>\u00bfPorqu\u00e9 lo est\u00e1n haciendo?<\/strong><\/p>\n<p>Cuando uno se involucra en un albergue, dar\u00edas lo que fuera para que ning\u00fan ni\u00f1o estuviera ah\u00ed. Pero no podemos evitar la maldad del mundo, los ni\u00f1os seguir\u00e1n siendo indefensos hasta el final de los tiempos. Lo que s\u00ed podemos hacer es abrir nuestro hogar a ni\u00f1os para que esperen en nuestro hogar mientras su vida toma un rumbo m\u00e1s esperanzador.<\/p>\n<p>Pero si somos m\u00e1s sinceros y menos terrenales, la verdad es que Dios puso esa urgencia en nuestro coraz\u00f3n.<\/p>\n<p><strong>\u00bfPero no es mejor un albergue?<\/strong><\/p>\n<p>\u00bfhas ido a alg\u00fan albergue y has pasado m\u00e1s de 2 horas ah\u00ed? (no vale una fiesta de navidad o a dejar ofrendas) Hablamos de realmente estar ah\u00ed. Si ning\u00fan ni\u00f1o merece ser abandonado, abusado, ignorado o violentado, mucho menos debe convertirse en uno m\u00e1s dentro de un lugar donde todos son igual \u00e9l.<\/p>\n<p>Cuando uno sabe el da\u00f1o que los ni\u00f1os han podido vivir se reconoce inmediatamente que lo que esos ni\u00f1os necesitan es un hogar, donde se les escuche, se les cuide, se les divierta, se les estructure y se les prepare para la vida que tarde o temprano tendr\u00e1n que enfrentar y disfrutar.<\/p>\n<p><strong>\u00bfy si se encari\u00f1an con \u00e9l? \u00bfy si \u00e9l se encari\u00f1a mucho con ustedes?<\/strong><\/p>\n<p>\u00a1Dios lo permita! Ser\u00eda lo mejor que nos pudiera pasar a los 3. Esa es la idea, que ni\u00f1os que no han recibido amor de verdad conozcan un amor sano, que forma, que educa, que cuida, y que deja libre al mismo tiempo.<\/p>\n<p>Porque as\u00ed y s\u00f3lo as\u00ed los ni\u00f1os se dejar\u00e1n amar y amar\u00e1n a su FOREVER FAMILY.<\/p>\n<p><strong>\u00bfy porqu\u00e9 no lo adoptan?<\/strong><\/p>\n<p>Ese no es el objetivo de ser una\u00a0Familia de Acogimiento, ya existen miles de familias en listas de espera para adopci\u00f3n, as\u00ed que la idea de ser Familia de Acogimiento no es brincarse a todas esas familias que tienen a\u00f1os de espera.<\/p>\n<blockquote><p>Recuerden que la adopci\u00f3n no le busca hijos a unos pap\u00e1s, sino pap\u00e1s a un ni\u00f1o.<\/p><\/blockquote>\n<p>El objetivo de ser una Familia de Acogimiento es el de acoger, recibir, corregir y brindar una nueva forma de ver la vida a los ni\u00f1os que reci\u00e9n salen de sus hogares de riesgo. Muchos de estos ni\u00f1os no saben lo que es una familia, lo que es seguir \u00f3rdenes, lo que es dejarse cuidar y amar.<\/p>\n<p>El objetivo de adoptar y del de acoger son distintos.<\/p>\n<p>Creemos que hay diferentes tipos de corazones, y todos son indispensables:<\/p>\n<ul>\n<li><span style=\"line-height: 13px;\">Debe haber un coraz\u00f3n suficientemente VALIENTE para tomar un tel\u00e9fono y denunciar a un ni\u00f1o en riesgo.<\/span><\/li>\n<li>Debe haber un coraz\u00f3n suficientemente SANO para acoger a un ni\u00f1o por las razones correctas y cumplir con su responsabilidad de recibir y dejar ir.<\/li>\n<li>Debe haber un coraz\u00f3n suficientemente GRANDE para abrir su vida al ni\u00f1o para siempre.<\/li>\n<\/ul>\n<p><strong>\u00bfNo es peor el sufrimiento de separarse de ustedes?<\/strong><\/p>\n<p>No lo hemos vivido a\u00fan, pero nuestras gu\u00edas de CasaViva nos cuentan que es lo m\u00e1s m\u00e1gico que podamos vivir. Por las noches oramos por la familia de sangre de nuestro sobrino, y por su FOREVER FAMILY. Para que Dios guarde de todos. Y se nos llenan los ojos de l\u00e1grimas de pensar en los pap\u00e1s para siempre de nuestro sobrinos, \u00bfcu\u00e1nto le habr\u00e1n buscado?<\/p>\n<p>Por lo que separarse de nosotros ser\u00e1 un dolor satisfactorio, porque nos dejar\u00e1 a nosotros, pero porque habr\u00e1 encontrado su FOREVER FAMILY, y eso ser\u00eda una oraci\u00f3n contestada.<\/p>\n<p><strong>\u00bfy no es muy radical el cambio?<\/strong><\/p>\n<p>Porsupuesto. No esperen que darse &#8220;a otros&#8221; sea como un viaje en crucero. Requiere sacrificios, cambios, ayuda y humildad. Pero un d\u00eda de estos que est\u00e1bamos agotados despu\u00e9s de un d\u00eda rebelde de nuestro sobrino, agradecimos a Dios, porque si estamos agotados haciendo lo que Dios quiere que hagamos, entonces VALE LA PENA.<\/p>\n<p>Muchas veces perdemos la paz por un cliente, nos cansamos de lidiar con el mundo o se nos acaba la paciencia haciendo cosas meramente terrenales. As\u00ed que si sentimos eso en cosas celestiales, pues good job!<\/p>\n<p>(no ser\u00e1 como un viaje en crucero, pero si se parece a un d\u00eda en Disney, suuuuper cansado, pero divertid\u00edsimo)<\/p>\n<div class='et-box et-shadow'>\n\t\t\t\t\t<div class='et-box-content'>Nos ha parecido curioso las reacciones de las personas, hasta podemos clasificarlas:<\/p>\n<p>&#8211; <strong>Los conectados:<\/strong> no hacen ninguna de las preguntas anteriores, pero si preguntan \u00bfcu\u00e1nto tiempo lo vamos a tener cerca? \u00bfc\u00f3mo podemos ayudarlos?. Todo los d\u00edas nos preguntan por los progresos de nuestro sobrino, y siempre tienen un vers\u00edculo o una palabra para animarnos.<\/p>\n<p>&#8211; <strong>Los que no entendieron:<\/strong> (jajajja&#8230;) Preguntan las preguntas de arriba e insisten en ellas, incluso hasta pueden llegar a decirnos que consideran que es un proceso muy cruel para el ni\u00f1o y nos aconsejan\u00a0&#8220;no se encari\u00f1en&#8221;.<\/p>\n<p>&#8211; <strong>Los profesionales de la salud:<\/strong> todos los doctorcitos que lo han atendido se enamoran del caso, y se involucran 100% y nos dicen\u00a0&#8220;qu\u00e9 bueno que ahora est\u00e1 al cuidado de ustedes&#8221;.<\/p>\n<p>&#8211; <strong>Los extranjeros:<\/strong> con s\u00f3lo que les decimos que somos\u00a0&#8220;foster parents&#8221; inmediatemente entienden el concepto, nos bendicen y oran por nosotros.<\/p><\/div><\/div>\n<p>&nbsp;<\/p>\n<p>&nbsp;<\/p>\n","protected":false},"excerpt":{"rendered":"<p>\u00bfPorqu\u00e9 lo est\u00e1n haciendo? Cuando uno se involucra en un albergue, dar\u00edas lo que fuera para que ning\u00fan ni\u00f1o estuviera ah\u00ed. Pero no podemos evitar la maldad del mundo, los ni\u00f1os seguir\u00e1n siendo indefensos hasta el final de los tiempos. Lo que s\u00ed podemos hacer es abrir nuestro hogar a ni\u00f1os para que esperen en [&hellip;]<\/p>\n","protected":false},"author":2,"featured_media":0,"parent":0,"menu_order":0,"comment_status":"open","ping_status":"closed","template":"","meta":{"_et_pb_use_builder":"","_et_pb_old_content":"","_et_gb_content_width":"","footnotes":""},"_links":{"self":[{"href":"https:\/\/whatauntsandunclesdobest.com\/index.php?rest_route=\/wp\/v2\/pages\/7"}],"collection":[{"href":"https:\/\/whatauntsandunclesdobest.com\/index.php?rest_route=\/wp\/v2\/pages"}],"about":[{"href":"https:\/\/whatauntsandunclesdobest.com\/index.php?rest_route=\/wp\/v2\/types\/page"}],"author":[{"embeddable":true,"href":"https:\/\/whatauntsandunclesdobest.com\/index.php?rest_route=\/wp\/v2\/users\/2"}],"replies":[{"embeddable":true,"href":"https:\/\/whatauntsandunclesdobest.com\/index.php?rest_route=%2Fwp%2Fv2%2Fcomments&post=7"}],"version-history":[{"count":5,"href":"https:\/\/whatauntsandunclesdobest.com\/index.php?rest_route=\/wp\/v2\/pages\/7\/revisions"}],"predecessor-version":[{"id":320,"href":"https:\/\/whatauntsandunclesdobest.com\/index.php?rest_route=\/wp\/v2\/pages\/7\/revisions\/320"}],"wp:attachment":[{"href":"https:\/\/whatauntsandunclesdobest.com\/index.php?rest_route=%2Fwp%2Fv2%2Fmedia&parent=7"}],"curies":[{"name":"wp","href":"https:\/\/api.w.org\/{rel}","templated":true}]}}