{"id":5,"date":"2013-03-27T23:20:19","date_gmt":"2013-03-27T23:20:19","guid":{"rendered":"http:\/\/whatauntsandunclesdobest.com\/?page_id=5"},"modified":"2015-08-21T04:50:23","modified_gmt":"2015-08-21T04:50:23","slug":"familias-de-acogimiento","status":"publish","type":"page","link":"https:\/\/whatauntsandunclesdobest.com\/?page_id=5","title":{"rendered":"Familias de Acogimiento"},"content":{"rendered":"<p>Nos incluyo cuando llamo a la mayor\u00eda de adultos como &#8220;ignorantes&#8221; respecto a lo que el tema de ni\u00f1os en riesgo social en Costa Rica, se refiere. Pero no lo hago con el af\u00e1n de ofender, sino el objetivo de identificar una diferencia. Porque una vez, que uno\u00a0&#8220;sabe&#8221; ya no podr\u00edamos defendernos con la ignorancia, ya ahora ser\u00edamos negligentes.<\/p>\n<p>Por casi 4 a\u00f1os, hemos estado inmersos en la situaci\u00f3n de uno de los albergues de ni\u00f1os en abandono cerca de nuestra casa, es uno de los albergues m\u00e1s pr\u00f3speros, ya que reciben mucho ayuda privada. Pero esto tan s\u00f3lo deja en evidencia el poco valor que tiene el dinero ante las situaciones de riesgo de los ni\u00f1os de Costa Rica (definitivamente se ocupa dinero para dar techo, comida y cuidado a los ni\u00f1os) pero a lo que me refiero es que el dinero no lo soluciona todo, porque lo que m\u00e1s falta en esos albergues es amor de familia.<\/p>\n<p>No estoy generalizando, porque reconozco el ardua labor que realizan muchos responsables del cuido de ni\u00f1os y ni\u00f1os en esos albergues. <strong>Pero hay un factor b\u00e1sico, un orfanato es un dedo sobre el sol de ni\u00f1os en abandono.<\/strong> Porque estos ni\u00f1os ser\u00e1n luego adolescentes, y a los 18a\u00f1os esos albergues ya han cumplido su labor social y estos ni\u00f1os ahora adultos deben encontrar su forma de\u00a0&#8220;hacer vida&#8221; en un mundo que no conocen, ya que un albergue ha estado a cargo de su cuidado por los \u00faltimos a\u00f1os, entonces no conocen la realidad fuera de esa zona de seguridad temporal, por lo que la\u00a0&#8220;vida f\u00e1cil&#8221; ser\u00e1 el mejor recurso para la mayor\u00eda.<\/p>\n<p>En noviembre del 2012, una amiguita nos cont\u00f3 de una ONG llamada <a href=\"http:\/\/www.casaviva.org\">Casa Viva<\/a>, es una organizaci\u00f3n que capacita a familias para ser &#8220;foster parents&#8221;, esto es un modelo usado en USA y Europa, para resguardar a ni\u00f1os en riesgo social, para que no tengan que ir a un albergue, mientras su situaci\u00f3n legal se estabiliza o en otros casos esperar por su familia adoptiva. (proceso que en Costa Rica toma m\u00ednimo 6 meses).<\/p>\n<p>Las familias de acogimiento hacen realmente eso, acoger a ni\u00f1os en riesgo social en sus hogares, ya que en un albergue el tipo de cuido es m\u00e1s generalizado y menos familiar. Jam\u00e1s podremos comparar un HOGAR con un ALBERGUE, y eso no se discute. (si tienen duda podr\u00edan visitar alg\u00fan orfanato) Gracias a Dios en Costa Rica tenemos albergues, porque 3000 ni\u00f1os duermen ah\u00ed diariamente, pero existe una opci\u00f3n m\u00e1s sana, humana y familiar, las familias de acogimiento.<\/p>\n<div class='et-box et-shadow'>\n\t\t\t\t\t<div class='et-box-content'>Actualmente existen 3000 iglesias cristianas en Costa Rica, y 3000 ni\u00f1os en albergues nacionales. Si tan s\u00f3lo una familia por iglesia acogiera a un ni\u00f1o, los albergues no ser\u00edan necesarios y los ni\u00f1os estar\u00edan recibiendo lo que s\u00f3lo un hogar puede dar.<\/div><\/div>\n<p>&nbsp;<\/p>\n<p>&nbsp;<\/p>\n","protected":false},"excerpt":{"rendered":"<p>Nos incluyo cuando llamo a la mayor\u00eda de adultos como &#8220;ignorantes&#8221; respecto a lo que el tema de ni\u00f1os en riesgo social en Costa Rica, se refiere. Pero no lo hago con el af\u00e1n de ofender, sino el objetivo de identificar una diferencia. Porque una vez, que uno\u00a0&#8220;sabe&#8221; ya no podr\u00edamos defendernos con la ignorancia, [&hellip;]<\/p>\n","protected":false},"author":2,"featured_media":0,"parent":0,"menu_order":0,"comment_status":"open","ping_status":"closed","template":"","meta":{"_et_pb_use_builder":"","_et_pb_old_content":"","_et_gb_content_width":"","footnotes":""},"_links":{"self":[{"href":"https:\/\/whatauntsandunclesdobest.com\/index.php?rest_route=\/wp\/v2\/pages\/5"}],"collection":[{"href":"https:\/\/whatauntsandunclesdobest.com\/index.php?rest_route=\/wp\/v2\/pages"}],"about":[{"href":"https:\/\/whatauntsandunclesdobest.com\/index.php?rest_route=\/wp\/v2\/types\/page"}],"author":[{"embeddable":true,"href":"https:\/\/whatauntsandunclesdobest.com\/index.php?rest_route=\/wp\/v2\/users\/2"}],"replies":[{"embeddable":true,"href":"https:\/\/whatauntsandunclesdobest.com\/index.php?rest_route=%2Fwp%2Fv2%2Fcomments&post=5"}],"version-history":[{"count":5,"href":"https:\/\/whatauntsandunclesdobest.com\/index.php?rest_route=\/wp\/v2\/pages\/5\/revisions"}],"predecessor-version":[{"id":318,"href":"https:\/\/whatauntsandunclesdobest.com\/index.php?rest_route=\/wp\/v2\/pages\/5\/revisions\/318"}],"wp:attachment":[{"href":"https:\/\/whatauntsandunclesdobest.com\/index.php?rest_route=%2Fwp%2Fv2%2Fmedia&parent=5"}],"curies":[{"name":"wp","href":"https:\/\/api.w.org\/{rel}","templated":true}]}}