{"id":29,"date":"2013-03-28T00:31:38","date_gmt":"2013-03-28T00:31:38","guid":{"rendered":"http:\/\/whatauntsandunclesdobest.com\/?page_id=29"},"modified":"2015-08-21T04:50:44","modified_gmt":"2015-08-21T04:50:44","slug":"tia-tio","status":"publish","type":"page","link":"https:\/\/whatauntsandunclesdobest.com\/?page_id=29","title":{"rendered":"T\u00eda &#038; T\u00edo"},"content":{"rendered":"<p>La mayor\u00eda de ustedes nos conocen, pero evitaremos nombres e informaci\u00f3n personal tanto nuestra como de nuestro sobrino, por respeto a la peque\u00f1ita vida real de la que estamos hablando.<\/p>\n<p>Decidimos empezar a escribir este blog, debido a que en s\u00f3lo 22 d\u00edas de habernos convertido en una\u00a0&#8220;familia de acogimiento&#8221; hemos aprendido tanto de nuestro sobrino, que reconocemos que esto no debe ser s\u00f3lo una bendici\u00f3n privada, sino p\u00fablica.<\/p>\n<p>En este papel de nuestras vidas nos llamamos TIOS, porque en realidad los encargados del acogimiento no somos pap\u00e1s (aunque nos parecemos) pero para el ni\u00f1o somos t\u00edos, ya que el espacio de sus pap\u00e1s de sangre o adoptivos es intocable, y no debemos sustituirlos.<\/p>\n<p>Para que puedan sentirse un poco m\u00e1s identificados con los posts, les vamos a contar un poco m\u00e1s de estos t\u00edos:<\/p>\n\n\t\t\t<div class='et-tabs-container et_sliderfx_fade et_sliderauto_false et_sliderauto_speed_5000 et_slidertype_top_tabs'>\n\t\t\t\t<ul class='et-tabs-control'>\n\t\t\t<li><a href='#'>\n\t\t\tTIA\n\t\t<\/a><\/li> \n\t\t<li><a href='#'>\n\t\t\tTIO\n\t\t<\/a><\/li>\n\t\t<\/ul> \n\t\t<div class='et-tabs-content'>\n\t\t\t<div class='et-tabs-content-main-wrap'>\n\t\t\t\t<div class='et-tabs-content-wrapper'>\n\t\t\t\t\t<div class='et_slidecontent'>\n\t\t\tHa sido bendecida con su negocito propio y trabaja desde su casa, o donde sea que est\u00e9. Es muy ordenada, creativa y guarda dentro de s\u00ed una teacher empedernida. Ha le\u00eddo decenas de libros respecto al comportamiento de ni\u00f1os y le encanta ver CSI, SuperNANNY y Plaza S\u00e9samo. Las gomitas la hacen muy feliz, pero el\u00a0mango con lim\u00f3n y sal es la plenitud. A Dios le conoce como un Padre, con todas sus cualidades.<\/p>\n<p>* Es la autora de este blog, pero el T\u00edo aprueba toda publicaci\u00f3n.<\/p>\n\t\t<\/div> \n\t\t<div class='et_slidecontent'>\n\t\t\tEs todo un hombrecito de negocios, es un loquillo eterno. Le encanta la m\u00fasica, cocinar, bailar y la F\u00f3rmula Uno, pero disfruta m\u00e1s de todo esto, cuando lo hace con su esposita. Tiene un coraz\u00f3n tan grande como el sol y curiosamente todos los ni\u00f1os lo adoran, talvez sea porque su ni\u00f1o interno se mantiene vivo. Dios es su principio y fin, pero principalmente ha encontrado en la obediencia un gozo real.\n\t\t<\/div>\n\t\t\t\t<\/div>\n\t\t\t<\/div>\n\t\t<\/div>\n\t\t\t<\/div>\n<p>Lo que se publica en este blog es nuestra humana opini\u00f3n y vivencias. No pretendemos tener TODA la verdad, pero al menos si sabemos cu\u00e1l es\u00a0&#8220;nuestra verdad&#8221; y es esta.<\/p>\n","protected":false},"excerpt":{"rendered":"<p>La mayor\u00eda de ustedes nos conocen, pero evitaremos nombres e informaci\u00f3n personal tanto nuestra como de nuestro sobrino, por respeto a la peque\u00f1ita vida real de la que estamos hablando. Decidimos empezar a escribir este blog, debido a que en s\u00f3lo 22 d\u00edas de habernos convertido en una\u00a0&#8220;familia de acogimiento&#8221; hemos aprendido tanto de nuestro [&hellip;]<\/p>\n","protected":false},"author":2,"featured_media":0,"parent":0,"menu_order":0,"comment_status":"open","ping_status":"closed","template":"","meta":{"_et_pb_use_builder":"","_et_pb_old_content":"","_et_gb_content_width":"","footnotes":""},"_links":{"self":[{"href":"https:\/\/whatauntsandunclesdobest.com\/index.php?rest_route=\/wp\/v2\/pages\/29"}],"collection":[{"href":"https:\/\/whatauntsandunclesdobest.com\/index.php?rest_route=\/wp\/v2\/pages"}],"about":[{"href":"https:\/\/whatauntsandunclesdobest.com\/index.php?rest_route=\/wp\/v2\/types\/page"}],"author":[{"embeddable":true,"href":"https:\/\/whatauntsandunclesdobest.com\/index.php?rest_route=\/wp\/v2\/users\/2"}],"replies":[{"embeddable":true,"href":"https:\/\/whatauntsandunclesdobest.com\/index.php?rest_route=%2Fwp%2Fv2%2Fcomments&post=29"}],"version-history":[{"count":5,"href":"https:\/\/whatauntsandunclesdobest.com\/index.php?rest_route=\/wp\/v2\/pages\/29\/revisions"}],"predecessor-version":[{"id":321,"href":"https:\/\/whatauntsandunclesdobest.com\/index.php?rest_route=\/wp\/v2\/pages\/29\/revisions\/321"}],"wp:attachment":[{"href":"https:\/\/whatauntsandunclesdobest.com\/index.php?rest_route=%2Fwp%2Fv2%2Fmedia&parent=29"}],"curies":[{"name":"wp","href":"https:\/\/api.w.org\/{rel}","templated":true}]}}